{"id":97,"date":"2025-08-30T14:57:21","date_gmt":"2025-08-30T14:57:21","guid":{"rendered":"https:\/\/value-dent.com\/?page_id=97"},"modified":"2025-09-13T05:50:50","modified_gmt":"2025-09-13T05:50:50","slug":"about-us","status":"publish","type":"page","link":"https:\/\/value-dent.com\/en\/about-us\/","title":{"rendered":"About Us"},"content":{"rendered":"<div data-elementor-type=\"wp-page\" data-elementor-id=\"97\" class=\"elementor elementor-97\" data-elementor-post-type=\"page\">\n\t\t\t\t<div class=\"elementor-element elementor-element-57e9bda8 e-con-full e-flex e-con e-parent\" data-id=\"57e9bda8\" data-element_type=\"container\" data-settings=\"{&quot;background_background&quot;:&quot;classic&quot;,&quot;background_motion_fx_motion_fx_scrolling&quot;:&quot;yes&quot;,&quot;background_motion_fx_translateY_effect&quot;:&quot;yes&quot;,&quot;background_motion_fx_devices&quot;:[&quot;desktop&quot;,&quot;tablet&quot;],&quot;background_motion_fx_range&quot;:&quot;viewport&quot;,&quot;background_motion_fx_translateY_speed&quot;:{&quot;unit&quot;:&quot;px&quot;,&quot;size&quot;:&quot;2.5&quot;,&quot;sizes&quot;:[]},&quot;background_motion_fx_translateY_affectedRange&quot;:{&quot;unit&quot;:&quot;%&quot;,&quot;size&quot;:&quot;&quot;,&quot;sizes&quot;:{&quot;start&quot;:0,&quot;end&quot;:100}}}\">\n\t\t<div class=\"elementor-element elementor-element-70f686df e-flex e-con-boxed e-con e-child\" data-id=\"70f686df\" data-element_type=\"container\" data-settings=\"{&quot;background_background&quot;:&quot;gradient&quot;}\">\n\t\t\t\t\t<div class=\"e-con-inner\">\n\t\t<div class=\"elementor-element elementor-element-1b7ed076 e-con-full e-flex elementor-invisible e-con e-child\" data-id=\"1b7ed076\" data-element_type=\"container\" data-settings=\"{&quot;animation&quot;:&quot;fadeIn&quot;,&quot;animation_delay&quot;:&quot;600&quot;}\">\n\t\t\t\t<div class=\"elementor-element elementor-element-6f2c3102 elementor-widget__width-initial elementor-widget elementor-widget-heading\" data-id=\"6f2c3102\" data-element_type=\"widget\" data-settings=\"{&quot;_animation&quot;:&quot;none&quot;}\" data-widget_type=\"heading.default\">\n\t\t\t\t\t<h1 class=\"elementor-heading-title elementor-size-default\">About Us<\/h1>\t\t\t\t<\/div>\n\t\t\t\t<\/div>\n\t\t\t\t\t<\/div>\n\t\t\t\t<\/div>\n\t\t\t\t<\/div>\n\t\t<div class=\"elementor-element elementor-element-441561ca e-flex e-con-boxed e-con e-parent\" data-id=\"441561ca\" data-element_type=\"container\" data-settings=\"{&quot;background_background&quot;:&quot;classic&quot;}\">\n\t\t\t\t\t<div class=\"e-con-inner\">\n\t\t<div class=\"elementor-element elementor-element-27f27400 e-con-full e-flex e-con e-child\" data-id=\"27f27400\" data-element_type=\"container\">\n\t\t\t\t<div class=\"elementor-element elementor-element-7e849679 elementor-widget__width-initial elementor-widget elementor-widget-text-editor\" data-id=\"7e849679\" data-element_type=\"widget\" data-widget_type=\"text-editor.default\">\n\t\t\t\t\t\t\t\t\t<h4><b>Valuedent Clinic Health Tourism: Your Trusted Guide for Your Health Journey in Turkey<\/b><\/h4><p><b>As Valuedent Clinic Health Tourism,<\/b> we are a next-generation health tourism agency that serves as a bridge between accredited healthcare institutions in Turkey and international patients. As a company well-versed in the dynamics of modern health tourism, we offer comprehensive support to ensure our clients have seamless access to high-quality healthcare services.<\/p>\t\t\t\t\t\t\t\t<\/div>\n\t\t\t\t<\/div>\n\t\t<div class=\"elementor-element elementor-element-32288b3 e-con-full e-flex e-con e-child\" data-id=\"32288b3\" data-element_type=\"container\">\n\t\t\t\t<div class=\"elementor-element elementor-element-94c23b4 elementor-widget elementor-widget-image\" data-id=\"94c23b4\" data-element_type=\"widget\" data-widget_type=\"image.default\">\n\t\t\t\t\t\t\t\t\t\t\t\t\t\t\t<img fetchpriority=\"high\" decoding=\"async\" width=\"2560\" height=\"1707\" src=\"https:\/\/value-dent.com\/wp-content\/uploads\/2025\/09\/high-angle-stethoscope-map-scaled.webp\" class=\"attachment-full size-full wp-image-347\" alt=\"\" srcset=\"https:\/\/value-dent.com\/wp-content\/uploads\/2025\/09\/high-angle-stethoscope-map-scaled.webp 2560w, https:\/\/value-dent.com\/wp-content\/uploads\/2025\/09\/high-angle-stethoscope-map-300x200.webp 300w, https:\/\/value-dent.com\/wp-content\/uploads\/2025\/09\/high-angle-stethoscope-map-1024x683.webp 1024w, https:\/\/value-dent.com\/wp-content\/uploads\/2025\/09\/high-angle-stethoscope-map-768x512.webp 768w, https:\/\/value-dent.com\/wp-content\/uploads\/2025\/09\/high-angle-stethoscope-map-1536x1024.webp 1536w, https:\/\/value-dent.com\/wp-content\/uploads\/2025\/09\/high-angle-stethoscope-map-2048x1365.webp 2048w\" sizes=\"(max-width: 2560px) 100vw, 2560px\" \/>\t\t\t\t\t\t\t\t\t\t\t\t\t\t\t<\/div>\n\t\t\t\t<div class=\"elementor-element elementor-element-139f514c elementor-widget__width-initial elementor-absolute elementor-hidden-mobile elementor-widget elementor-widget-spacer\" data-id=\"139f514c\" data-element_type=\"widget\" data-settings=\"{&quot;_position&quot;:&quot;absolute&quot;}\" data-widget_type=\"spacer.default\">\n\t\t\t\t\t\t\t<div class=\"elementor-spacer\">\n\t\t\t<div class=\"elementor-spacer-inner\"><\/div>\n\t\t<\/div>\n\t\t\t\t\t\t<\/div>\n\t\t\t\t<div class=\"elementor-element elementor-element-4985e50c elementor-widget__width-initial elementor-absolute elementor-hidden-desktop elementor-hidden-tablet elementor-widget elementor-widget-spacer\" data-id=\"4985e50c\" data-element_type=\"widget\" data-settings=\"{&quot;_position&quot;:&quot;absolute&quot;}\" data-widget_type=\"spacer.default\">\n\t\t\t\t\t\t\t<div class=\"elementor-spacer\">\n\t\t\t<div class=\"elementor-spacer-inner\"><\/div>\n\t\t<\/div>\n\t\t\t\t\t\t<\/div>\n\t\t\t\t<\/div>\n\t\t\t\t\t<\/div>\n\t\t\t\t<\/div>\n\t\t<div class=\"elementor-element elementor-element-4ab9c27a e-flex e-con-boxed e-con e-parent\" data-id=\"4ab9c27a\" data-element_type=\"container\">\n\t\t\t\t\t<div class=\"e-con-inner\">\n\t\t<div class=\"elementor-element elementor-element-69590391 e-con-full e-flex e-con e-child\" data-id=\"69590391\" data-element_type=\"container\">\n\t\t\t\t<div class=\"elementor-element elementor-element-1ceb7bfe elementor-widget elementor-widget-image\" data-id=\"1ceb7bfe\" data-element_type=\"widget\" data-widget_type=\"image.default\">\n\t\t\t\t\t\t\t\t\t\t\t\t\t\t\t<img decoding=\"async\" width=\"2560\" height=\"1707\" src=\"https:\/\/value-dent.com\/wp-content\/uploads\/2025\/09\/turkey-healthcare-concept-medical-stethoscope-with-country-flag-1-scaled.webp\" class=\"attachment-full size-full wp-image-388\" alt=\"\" srcset=\"https:\/\/value-dent.com\/wp-content\/uploads\/2025\/09\/turkey-healthcare-concept-medical-stethoscope-with-country-flag-1-scaled.webp 2560w, https:\/\/value-dent.com\/wp-content\/uploads\/2025\/09\/turkey-healthcare-concept-medical-stethoscope-with-country-flag-1-300x200.webp 300w, https:\/\/value-dent.com\/wp-content\/uploads\/2025\/09\/turkey-healthcare-concept-medical-stethoscope-with-country-flag-1-1024x683.webp 1024w, https:\/\/value-dent.com\/wp-content\/uploads\/2025\/09\/turkey-healthcare-concept-medical-stethoscope-with-country-flag-1-768x512.webp 768w, https:\/\/value-dent.com\/wp-content\/uploads\/2025\/09\/turkey-healthcare-concept-medical-stethoscope-with-country-flag-1-1536x1024.webp 1536w, https:\/\/value-dent.com\/wp-content\/uploads\/2025\/09\/turkey-healthcare-concept-medical-stethoscope-with-country-flag-1-2048x1365.webp 2048w\" sizes=\"(max-width: 2560px) 100vw, 2560px\" \/>\t\t\t\t\t\t\t\t\t\t\t\t\t\t\t<\/div>\n\t\t\t\t<div class=\"elementor-element elementor-element-206a9361 elementor-widget__width-initial elementor-absolute elementor-widget elementor-widget-spacer\" data-id=\"206a9361\" data-element_type=\"widget\" data-settings=\"{&quot;_position&quot;:&quot;absolute&quot;}\" data-widget_type=\"spacer.default\">\n\t\t\t\t\t\t\t<div class=\"elementor-spacer\">\n\t\t\t<div class=\"elementor-spacer-inner\"><\/div>\n\t\t<\/div>\n\t\t\t\t\t\t<\/div>\n\t\t\t\t<\/div>\n\t\t<div class=\"elementor-element elementor-element-59e39ec7 e-con-full e-flex e-con e-child\" data-id=\"59e39ec7\" data-element_type=\"container\">\n\t\t\t\t<div class=\"elementor-element elementor-element-49da9417 elementor-widget elementor-widget-text-editor\" data-id=\"49da9417\" data-element_type=\"widget\" data-widget_type=\"text-editor.default\">\n\t\t\t\t\t\t\t\t\t<p>\u00a0We strive to provide the best services in Turkey's healthcare sector to our customers worldwide. With our long-standing experience and expert team, we aim to maintain the highest level of customer satisfaction in healthcare.<\/p><p>We work diligently to provide our clients with the best medical solutions offered by accredited healthcare institutions in Turkey, easily and securely. From clinic selection and appointment planning to accommodation and transportation services and language support, we have established a comprehensive service network to best meet our clients' needs at every stage.<\/p><p>Our in-depth knowledge and experience in health tourism ensures that our customers experience their health journeys stress-free and productive. <b>As Valuedent Clinic Health Tourism,<\/b>, is recognized as a trusted advisor both nationally and internationally, and your health and safety are always our priority.<\/p><p>Contact us to take advantage of the unique healthcare services Turkey offers. Our professional team is always here to help you on your healthy and safe journey.<\/p>\t\t\t\t\t\t\t\t<\/div>\n\t\t\t\t<\/div>\n\t\t\t\t\t<\/div>\n\t\t\t\t<\/div>\n\t\t\t\t<\/div>","protected":false},"excerpt":{"rendered":"<p>Hakk\u0131m\u0131zda Valuedent Clinic Sa\u011fl\u0131k Turizm: T\u00fcrkiye&#8217;deki Sa\u011fl\u0131k Yolculu\u011funuzun G\u00fcvenilir Rehberi Valuedent Clinic Sa\u011fl\u0131k Turizm olarak, T\u00fcrkiye\u2019deki akredite sa\u011fl\u0131k kurulu\u015flar\u0131 ile uluslararas\u0131 hastalar aras\u0131nda k\u00f6pr\u00fc g\u00f6revi g\u00f6ren, yeni nesil bir sa\u011fl\u0131k turizmi acentesiyiz. Modern sa\u011fl\u0131k turizminin dinamiklerine hakim bir \u015firket olarak, m\u00fc\u015fterilerimize y\u00fcksek kaliteli sa\u011fl\u0131k hizmetlerine sorunsuz eri\u015fim sa\u011flamak amac\u0131yla kapsaml\u0131 bir destek sunuyoruz. \u00a0T\u00fcrkiye&#8217;nin sa\u011fl\u0131k [&hellip;]<\/p>","protected":false},"author":1,"featured_media":0,"parent":0,"menu_order":0,"comment_status":"closed","ping_status":"closed","template":"","meta":{"footnotes":""},"class_list":["post-97","page","type-page","status-publish","hentry"],"_links":{"self":[{"href":"https:\/\/value-dent.com\/en\/wp-json\/wp\/v2\/pages\/97","targetHints":{"allow":["GET"]}}],"collection":[{"href":"https:\/\/value-dent.com\/en\/wp-json\/wp\/v2\/pages"}],"about":[{"href":"https:\/\/value-dent.com\/en\/wp-json\/wp\/v2\/types\/page"}],"author":[{"embeddable":true,"href":"https:\/\/value-dent.com\/en\/wp-json\/wp\/v2\/users\/1"}],"replies":[{"embeddable":true,"href":"https:\/\/value-dent.com\/en\/wp-json\/wp\/v2\/comments?post=97"}],"version-history":[{"count":26,"href":"https:\/\/value-dent.com\/en\/wp-json\/wp\/v2\/pages\/97\/revisions"}],"predecessor-version":[{"id":509,"href":"https:\/\/value-dent.com\/en\/wp-json\/wp\/v2\/pages\/97\/revisions\/509"}],"wp:attachment":[{"href":"https:\/\/value-dent.com\/en\/wp-json\/wp\/v2\/media?parent=97"}],"curies":[{"name":"wp","href":"https:\/\/api.w.org\/{rel}","templated":true}]}}