{"id":184,"date":"2025-08-31T12:32:40","date_gmt":"2025-08-31T12:32:40","guid":{"rendered":"https:\/\/value-dent.com\/?page_id=184"},"modified":"2025-09-13T05:51:11","modified_gmt":"2025-09-13T05:51:11","slug":"health-tourism","status":"publish","type":"page","link":"https:\/\/value-dent.com\/en\/health-tourism\/","title":{"rendered":"Health Tourism in T\u00fcrkiye"},"content":{"rendered":"<div data-elementor-type=\"wp-page\" data-elementor-id=\"184\" class=\"elementor elementor-184\" data-elementor-post-type=\"page\">\n\t\t\t\t<div class=\"elementor-element elementor-element-57e9bda8 e-con-full e-flex e-con e-parent\" data-id=\"57e9bda8\" data-element_type=\"container\" data-settings=\"{&quot;background_background&quot;:&quot;classic&quot;,&quot;background_motion_fx_motion_fx_scrolling&quot;:&quot;yes&quot;,&quot;background_motion_fx_translateY_effect&quot;:&quot;yes&quot;,&quot;background_motion_fx_devices&quot;:[&quot;desktop&quot;,&quot;tablet&quot;],&quot;background_motion_fx_range&quot;:&quot;viewport&quot;,&quot;background_motion_fx_translateY_speed&quot;:{&quot;unit&quot;:&quot;px&quot;,&quot;size&quot;:&quot;2.5&quot;,&quot;sizes&quot;:[]},&quot;background_motion_fx_translateY_affectedRange&quot;:{&quot;unit&quot;:&quot;%&quot;,&quot;size&quot;:&quot;&quot;,&quot;sizes&quot;:{&quot;start&quot;:0,&quot;end&quot;:100}}}\">\n\t\t<div class=\"elementor-element elementor-element-70f686df e-flex e-con-boxed e-con e-child\" data-id=\"70f686df\" data-element_type=\"container\" data-settings=\"{&quot;background_background&quot;:&quot;gradient&quot;}\">\n\t\t\t\t\t<div class=\"e-con-inner\">\n\t\t<div class=\"elementor-element elementor-element-1b7ed076 e-con-full e-flex elementor-invisible e-con e-child\" data-id=\"1b7ed076\" data-element_type=\"container\" data-settings=\"{&quot;animation&quot;:&quot;fadeIn&quot;,&quot;animation_delay&quot;:&quot;600&quot;}\">\n\t\t\t\t<div class=\"elementor-element elementor-element-6f2c3102 elementor-widget__width-initial elementor-widget-mobile__width-inherit elementor-widget elementor-widget-heading\" data-id=\"6f2c3102\" data-element_type=\"widget\" data-widget_type=\"heading.default\">\n\t\t\t\t\t<h1 class=\"elementor-heading-title elementor-size-default\">Health Tourism<\/h1>\t\t\t\t<\/div>\n\t\t\t\t<\/div>\n\t\t\t\t\t<\/div>\n\t\t\t\t<\/div>\n\t\t\t\t<\/div>\n\t\t<div class=\"elementor-element elementor-element-2e2839ca e-flex e-con-boxed elementor-invisible e-con e-parent\" data-id=\"2e2839ca\" data-element_type=\"container\" data-settings=\"{&quot;animation&quot;:&quot;fadeIn&quot;,&quot;animation_delay&quot;:&quot;300&quot;}\">\n\t\t\t\t\t<div class=\"e-con-inner\">\n\t\t\t\t<div class=\"elementor-element elementor-element-c8f67f1 elementor-widget elementor-widget-text-editor\" data-id=\"c8f67f1\" data-element_type=\"widget\" data-widget_type=\"text-editor.default\">\n\t\t\t\t\t\t\t\t\t<h3><b>Health Tourism in T\u00fcrkiye: A Comprehensive Guide<\/b><\/h3><p>Health tourism refers to individuals traveling to other countries to receive medical treatment based on their needs or desires. This sector has become one of the fastest-growing sectors globally for a variety of reasons.<\/p><p><b>Why Is Health Tourism on the Rise Worldwide?<\/b><\/p><ul><li><p>Inadequacy or poor quality of healthcare in one's own country.<\/p><\/li><li><p>Long waiting times in public hospitals.<\/p><\/li><li><p>High costs of private healthcare.<\/p><\/li><li><p>Seeking better service quality.<\/p><\/li><li><p>Seeking a better climate and living environment for the recovery process.<\/p><\/li><\/ul><p><img fetchpriority=\"high\" decoding=\"async\" class=\"size-full wp-image-356 alignleft\" src=\"http:\/\/value-dent.com\/wp-content\/uploads\/2025\/09\/w3_en.jpg\" alt=\"\" width=\"715\" height=\"450\" srcset=\"https:\/\/value-dent.com\/wp-content\/uploads\/2025\/09\/w3_en.jpg 715w, https:\/\/value-dent.com\/wp-content\/uploads\/2025\/09\/w3_en-300x189.jpg 300w\" sizes=\"(max-width: 715px) 100vw, 715px\" \/><\/p><p><b>Understanding Types of Health Tourism<\/b><\/p><p>Any activity that promotes a healthy lifestyle can be considered health tourism. The main categories today are:<\/p><ul><li><p><b>Medical Tourism:<\/b> It encompasses all treatments and services aimed at improving a person's overall health. <b>This includes a wide range of services,<\/b>including follow-up appointments, dental treatments, cardiovascular surgery, cancer treatments, and organ transplants.<\/p><\/li><li><p><b>Thermal Tourism:<\/b> Thanks to underground sources, also known as healing waters, they meet people's needs, such as rest, fitness, and treatment.<\/p><\/li><li><p><b>Tourism for the Elderly and Disabled:<\/b> It includes facilities and travel arrangements designed to care for the elderly and disabled. These services, also known as \"Older Age Tourism,\" are provided by specially trained personnel.<\/p><\/li><\/ul><p><b>T\u00fcrkiye: Global Center for Health Tourism<\/b><\/p><p>Turkey has established itself as a leading destination in the health tourism sector. Welcoming hundreds of thousands of international patients each year, the country's success in this field is reflected in its impressive growth figures. Among the most popular specialties for international patients are <b>gynecology,<\/b> internal medicine, ophthalmology, general surgery, and especially dentistry, along with orthopedics and ENT.<\/p><p><b>The Symbol of Quality: Authorization and Accreditation in T\u00fcrkiye<\/b><\/p><p>To legally operate in health tourism in T\u00fcrkiye, all organizations are required to obtain a Health Tourism Authorization Certificate. <b>Furthermore,<\/b> as a testament to its world-class quality and safety approach, Turkey ranks among the top organizations globally accredited by JCI (Joint Commission International).<\/p><p><b>As Valuedent Clinic Health Tourism,<\/b> we are a fully authorized intermediary organization holding this fundamental licence. We only work with accredited facilities that meet the highest standards to ensure our patients receive the best possible care. Your health and safety are our top priority.<\/p>\t\t\t\t\t\t\t\t<\/div>\n\t\t\t\t\t<\/div>\n\t\t\t\t<\/div>\n\t\t\t\t<\/div>","protected":false},"excerpt":{"rendered":"<p>Sa\u011fl\u0131k Turizm T\u00fcrkiye&#8217;de Sa\u011fl\u0131k Turizmi: Kapsaml\u0131 Bir Rehber Sa\u011fl\u0131k turizmi, bireylerin ihtiya\u00e7lar\u0131 veya istekleri do\u011frultusunda t\u0131bbi tedavi almak amac\u0131yla ba\u015fka \u00fclkelere seyahat etmeleri anlam\u0131na gelmektedir. Bu sekt\u00f6r, \u00e7e\u015fitli nedenlerden dolay\u0131 d\u00fcnyada en h\u0131zl\u0131 b\u00fcy\u00fcyen alanlardan biri haline gelmi\u015ftir. Sa\u011fl\u0131k Turizmi Neden D\u00fcnya \u00c7ap\u0131nda Y\u00fckseli\u015fte? Ki\u015finin kendi \u00fclkesindeki sa\u011fl\u0131k hizmetlerinin yetersizli\u011fi veya kalitesizli\u011fi. Devlet hastanelerinde uzun [&hellip;]<\/p>","protected":false},"author":1,"featured_media":0,"parent":0,"menu_order":0,"comment_status":"closed","ping_status":"closed","template":"","meta":{"footnotes":""},"class_list":["post-184","page","type-page","status-publish","hentry"],"_links":{"self":[{"href":"https:\/\/value-dent.com\/en\/wp-json\/wp\/v2\/pages\/184","targetHints":{"allow":["GET"]}}],"collection":[{"href":"https:\/\/value-dent.com\/en\/wp-json\/wp\/v2\/pages"}],"about":[{"href":"https:\/\/value-dent.com\/en\/wp-json\/wp\/v2\/types\/page"}],"author":[{"embeddable":true,"href":"https:\/\/value-dent.com\/en\/wp-json\/wp\/v2\/users\/1"}],"replies":[{"embeddable":true,"href":"https:\/\/value-dent.com\/en\/wp-json\/wp\/v2\/comments?post=184"}],"version-history":[{"count":14,"href":"https:\/\/value-dent.com\/en\/wp-json\/wp\/v2\/pages\/184\/revisions"}],"predecessor-version":[{"id":512,"href":"https:\/\/value-dent.com\/en\/wp-json\/wp\/v2\/pages\/184\/revisions\/512"}],"wp:attachment":[{"href":"https:\/\/value-dent.com\/en\/wp-json\/wp\/v2\/media?parent=184"}],"curies":[{"name":"wp","href":"https:\/\/api.w.org\/{rel}","templated":true}]}}