{"id":184,"date":"2025-08-31T12:32:40","date_gmt":"2025-08-31T12:32:40","guid":{"rendered":"https:\/\/value-dent.com\/?page_id=184"},"modified":"2025-09-13T05:51:11","modified_gmt":"2025-09-13T05:51:11","slug":"gesundheitstourismus","status":"publish","type":"page","link":"https:\/\/value-dent.com\/de\/gesundheitstourismus\/","title":{"rendered":"Gesundheitstourismus in der T\u00fcrkei"},"content":{"rendered":"<div data-elementor-type=\"wp-page\" data-elementor-id=\"184\" class=\"elementor elementor-184\" data-elementor-post-type=\"page\">\n\t\t\t\t<div class=\"elementor-element elementor-element-57e9bda8 e-con-full e-flex e-con e-parent\" data-id=\"57e9bda8\" data-element_type=\"container\" data-settings=\"{&quot;background_background&quot;:&quot;classic&quot;,&quot;background_motion_fx_motion_fx_scrolling&quot;:&quot;yes&quot;,&quot;background_motion_fx_translateY_effect&quot;:&quot;yes&quot;,&quot;background_motion_fx_devices&quot;:[&quot;desktop&quot;,&quot;tablet&quot;],&quot;background_motion_fx_range&quot;:&quot;viewport&quot;,&quot;background_motion_fx_translateY_speed&quot;:{&quot;unit&quot;:&quot;px&quot;,&quot;size&quot;:&quot;2.5&quot;,&quot;sizes&quot;:[]},&quot;background_motion_fx_translateY_affectedRange&quot;:{&quot;unit&quot;:&quot;%&quot;,&quot;size&quot;:&quot;&quot;,&quot;sizes&quot;:{&quot;start&quot;:0,&quot;end&quot;:100}}}\">\n\t\t<div class=\"elementor-element elementor-element-70f686df e-flex e-con-boxed e-con e-child\" data-id=\"70f686df\" data-element_type=\"container\" data-settings=\"{&quot;background_background&quot;:&quot;gradient&quot;}\">\n\t\t\t\t\t<div class=\"e-con-inner\">\n\t\t<div class=\"elementor-element elementor-element-1b7ed076 e-con-full e-flex elementor-invisible e-con e-child\" data-id=\"1b7ed076\" data-element_type=\"container\" data-settings=\"{&quot;animation&quot;:&quot;fadeIn&quot;,&quot;animation_delay&quot;:&quot;600&quot;}\">\n\t\t\t\t<div class=\"elementor-element elementor-element-6f2c3102 elementor-widget__width-initial elementor-widget-mobile__width-inherit elementor-widget elementor-widget-heading\" data-id=\"6f2c3102\" data-element_type=\"widget\" data-widget_type=\"heading.default\">\n\t\t\t\t\t<h1 class=\"elementor-heading-title elementor-size-default\">Gesundheitstourismus in der T\u00fcrkei<\/h1>\t\t\t\t<\/div>\n\t\t\t\t<\/div>\n\t\t\t\t\t<\/div>\n\t\t\t\t<\/div>\n\t\t\t\t<\/div>\n\t\t<div class=\"elementor-element elementor-element-2e2839ca e-flex e-con-boxed elementor-invisible e-con e-parent\" data-id=\"2e2839ca\" data-element_type=\"container\" data-settings=\"{&quot;animation&quot;:&quot;fadeIn&quot;,&quot;animation_delay&quot;:&quot;300&quot;}\">\n\t\t\t\t\t<div class=\"e-con-inner\">\n\t\t\t\t<div class=\"elementor-element elementor-element-c8f67f1 elementor-widget elementor-widget-text-editor\" data-id=\"c8f67f1\" data-element_type=\"widget\" data-widget_type=\"text-editor.default\">\n\t\t\t\t\t\t\t\t\t<h3><b>Gesundheitstourismus in der T\u00fcrkei: ein umfassender Leitfaden<\/b><\/h3><p>Unter Gesundheitstourismus versteht man Reisen in andere L\u00e4nder, um sich dort entsprechend ihren Bed\u00fcrfnissen oder W\u00fcnschen medizinisch behandeln zu lassen. Dieser Sektor z\u00e4hlt aus verschiedenen Gr\u00fcnden zu den am schnellsten wachsenden Sektoren weltweit.<\/p><p><b>Warum nimmt der Gesundheitstourismus weltweit zu?<\/b><\/p><ul><li><p>Unzul\u00e4nglichkeit oder schlechte Qualit\u00e4t der Gesundheitsversorgung im eigenen Land.<\/p><\/li><li><p>Lange Wartezeiten in \u00f6ffentlichen Krankenh\u00e4usern.<\/p><\/li><li><p>Hohe Kosten der privaten Gesundheitsversorgung.<\/p><\/li><li><p>Streben nach besserer Servicequalit\u00e4t.<\/p><\/li><li><p>Suche nach einem besseren Klima und Lebensumfeld f\u00fcr den Genesungsprozess.<\/p><\/li><\/ul><p><img fetchpriority=\"high\" decoding=\"async\" class=\"size-full wp-image-356 alignleft\" src=\"http:\/\/value-dent.com\/wp-content\/uploads\/2025\/09\/w3_en.jpg\" alt=\"\" width=\"715\" height=\"450\" srcset=\"https:\/\/value-dent.com\/wp-content\/uploads\/2025\/09\/w3_en.jpg 715w, https:\/\/value-dent.com\/wp-content\/uploads\/2025\/09\/w3_en-300x189.jpg 300w\" sizes=\"(max-width: 715px) 100vw, 715px\" \/><\/p><p><b>Arten des Gesundheitstourismus verstehen<\/b><\/p><p>Jede Aktivit\u00e4t, die einen gesunden Lebensstil f\u00f6rdert, kann als Gesundheitstourismus betrachtet werden. Die Hauptkategorien sind heute:<\/p><ul><li><p><b>Medizintourismus:<\/b> Es umfasst alle Behandlungen und Dienstleistungen, die auf die Verbesserung der allgemeinen Gesundheit einer Person abzielen. <b>Dazu geh\u00f6rt ein breites Spektrum an Leistungen,<\/b>darunter Nachsorgetermine, Zahnbehandlungen, Herz-Kreislauf-Operationen, Krebsbehandlungen und Organtransplantationen.<\/p><\/li><li><p><b>Thermaltourismus:<\/b> Dank unterirdischer Quellen, auch als Heilwasser bekannt, erf\u00fcllt es die Bed\u00fcrfnisse der Menschen nach Ruhe, Fitness und Behandlung.<\/p><\/li><li><p><b>Tourismus f\u00fcr Senioren und Behinderte:<\/b> Dazu geh\u00f6ren Einrichtungen und Reisearrangements, die speziell auf die Betreuung \u00e4lterer und behinderter Menschen zugeschnitten sind. Diese Dienstleistungen, auch \u201eSeniorentourismus\u201c genannt, werden von speziell geschultem Personal erbracht.<\/p><\/li><\/ul><p><b>T\u00fcrkiye: Globales Zentrum f\u00fcr Gesundheitstourismus<\/b><\/p><p>Die T\u00fcrkei hat sich als f\u00fchrendes Reiseziel im Gesundheitstourismus etabliert. Hunderttausende internationale Patienten kommen j\u00e4hrlich in die T\u00fcrkei, und der Erfolg des Landes in diesem Bereich spiegelt sich in beeindruckenden Wachstumszahlen wider. <b>Zu den beliebtesten Fachgebieten internationaler Patienten z\u00e4hlen Gyn\u00e4kologie, Innere Medizin,<\/b> Augenheilkunde, Allgemeinchirurgie und insbesondere Zahnmedizin sowie Orthop\u00e4die und HNO.<\/p><p><b>Das Symbol der Qualit\u00e4t: Autorisierung und Akkreditierung in der T\u00fcrkei<\/b><\/p><p>Um im Bereich des Gesundheitstourismus in der T\u00fcrkei legal t\u00e4tig zu sein, m\u00fcssen alle Organisationen <b>\u201eGesundheitstourismus-Autorisierungszertifikat\u201c<\/b> Der Erhalt dieser Zertifizierung ist obligatorisch. Dar\u00fcber hinaus z\u00e4hlt die T\u00fcrkei hinsichtlich der Anzahl der von der JCI (Joint Commission International) akkreditierten Organisationen zu den weltweit f\u00fchrenden Institutionen, was ihr erstklassiges Verst\u00e4ndnis von Qualit\u00e4t und Sicherheit beweist.<\/p><p><b>Als Valuedent Clinic Health Tourism sind wir eine<\/b> Wir sind eine voll autorisierte Agentur mit dieser Kernlizenz. Wir arbeiten ausschlie\u00dflich mit akkreditierten Einrichtungen zusammen, die den h\u00f6chsten Standards entsprechen, um unseren Patienten die bestm\u00f6gliche Versorgung zu gew\u00e4hrleisten. Ihre Gesundheit und Sicherheit haben f\u00fcr uns oberste Priorit\u00e4t.<\/p>\t\t\t\t\t\t\t\t<\/div>\n\t\t\t\t\t<\/div>\n\t\t\t\t<\/div>\n\t\t\t\t<\/div>","protected":false},"excerpt":{"rendered":"<p>Sa\u011fl\u0131k Turizm T\u00fcrkiye&#8217;de Sa\u011fl\u0131k Turizmi: Kapsaml\u0131 Bir Rehber Sa\u011fl\u0131k turizmi, bireylerin ihtiya\u00e7lar\u0131 veya istekleri do\u011frultusunda t\u0131bbi tedavi almak amac\u0131yla ba\u015fka \u00fclkelere seyahat etmeleri anlam\u0131na gelmektedir. Bu sekt\u00f6r, \u00e7e\u015fitli nedenlerden dolay\u0131 d\u00fcnyada en h\u0131zl\u0131 b\u00fcy\u00fcyen alanlardan biri haline gelmi\u015ftir. Sa\u011fl\u0131k Turizmi Neden D\u00fcnya \u00c7ap\u0131nda Y\u00fckseli\u015fte? Ki\u015finin kendi \u00fclkesindeki sa\u011fl\u0131k hizmetlerinin yetersizli\u011fi veya kalitesizli\u011fi. Devlet hastanelerinde uzun [&hellip;]<\/p>","protected":false},"author":1,"featured_media":0,"parent":0,"menu_order":0,"comment_status":"closed","ping_status":"closed","template":"","meta":{"footnotes":""},"class_list":["post-184","page","type-page","status-publish","hentry"],"_links":{"self":[{"href":"https:\/\/value-dent.com\/de\/wp-json\/wp\/v2\/pages\/184","targetHints":{"allow":["GET"]}}],"collection":[{"href":"https:\/\/value-dent.com\/de\/wp-json\/wp\/v2\/pages"}],"about":[{"href":"https:\/\/value-dent.com\/de\/wp-json\/wp\/v2\/types\/page"}],"author":[{"embeddable":true,"href":"https:\/\/value-dent.com\/de\/wp-json\/wp\/v2\/users\/1"}],"replies":[{"embeddable":true,"href":"https:\/\/value-dent.com\/de\/wp-json\/wp\/v2\/comments?post=184"}],"version-history":[{"count":14,"href":"https:\/\/value-dent.com\/de\/wp-json\/wp\/v2\/pages\/184\/revisions"}],"predecessor-version":[{"id":512,"href":"https:\/\/value-dent.com\/de\/wp-json\/wp\/v2\/pages\/184\/revisions\/512"}],"wp:attachment":[{"href":"https:\/\/value-dent.com\/de\/wp-json\/wp\/v2\/media?parent=184"}],"curies":[{"name":"wp","href":"https:\/\/api.w.org\/{rel}","templated":true}]}}